{"id":39,"date":"2016-08-11T08:55:34","date_gmt":"2016-08-11T08:55:34","guid":{"rendered":"http:\/\/sw-themes.com\/porto_dummy\/?page_id=39"},"modified":"2020-11-05T15:52:02","modified_gmt":"2020-11-05T15:52:02","slug":"laja","status":"publish","type":"page","link":"https:\/\/www.aja-vvj.be\/fr\/laja\/","title":{"rendered":"L&rsquo;AJA"},"content":{"rendered":"<div class=\"wpb-content-wrapper\"><p>[vc_row][vc_column width=\u00a0\u00bb7\/12&Prime;][vc_custom_heading text=\u00a0\u00bbComposition du conseil d&rsquo;administration\u00a0\u00bb font_container=\u00a0\u00bbtag:h2|font_size:36|text_align:left\u00a0\u00bb use_theme_fonts=\u00a0\u00bbyes\u00a0\u00bb el_class=\u00a0\u00bbm-b-md\u00a0\u00bb css=\u00a0\u00bb.vc_custom_1562696258673{margin-top: 20px !important;}\u00a0\u00bb][vc_separator color=\u00a0\u00bbcustom\u00a0\u00bb align=\u00a0\u00bbalign_left\u00a0\u00bb border_width=\u00a0\u00bb3&Prime; type=\u00a0\u00bbsmall\u00a0\u00bb accent_color=\u00a0\u00bb#0f71be\u00a0\u00bb][vc_column_text el_class=\u00a0\u00bblead m-b-lg\u00a0\u00bb]<\/p>\n<h3>Pr\u00e9sident<\/h3>\n<p><img loading=\"lazy\" decoding=\"async\" class=\"alignnone size-medium wp-image-733\" src=\"https:\/\/www.aja-vvj.be\/wp-content\/uploads\/2019\/07\/Charles-Albert-van-Oldeneel-300x300.png\" alt=\"\" width=\"300\" height=\"300\" \/><br \/>\nCharles-Albert VAN OLDENEEL<\/p>\n<h3>Vice-Pr\u00e9sidente<\/h3>\n<p><img loading=\"lazy\" decoding=\"async\" class=\"alignnone size-medium wp-image-734\" src=\"https:\/\/www.aja-vvj.be\/wp-content\/uploads\/2019\/07\/Kelly-Shamphelaere-300x300.png\" alt=\"\" width=\"300\" height=\"300\" \/><br \/>\nKelly SCHAMPHELAERE<\/p>\n<h3>Tr\u00e9sorier<\/h3>\n<p><img loading=\"lazy\" decoding=\"async\" class=\"alignnone size-medium wp-image-735\" src=\"https:\/\/www.aja-vvj.be\/wp-content\/uploads\/2019\/07\/Philippe-de-Thysebaert-300x300.png\" alt=\"\" width=\"300\" height=\"300\" \/><br \/>\nPhilippe DE THYSEBAERT<\/p>\n<h3>Administrateurs<\/h3>\n<p><img loading=\"lazy\" decoding=\"async\" class=\"alignnone size-medium wp-image-736\" src=\"https:\/\/www.aja-vvj.be\/wp-content\/uploads\/2019\/07\/Isabelle_Dastot-300x300.png\" alt=\"\" width=\"300\" height=\"300\" \/><br \/>\nIsabelle DASTOT<\/p>\n<p><img loading=\"lazy\" decoding=\"async\" class=\"alignnone size-medium wp-image-737\" src=\"https:\/\/www.aja-vvj.be\/wp-content\/uploads\/2019\/07\/Gregory-VAN-GOSSUM-300x300.jpg\" alt=\"\" width=\"300\" height=\"300\" \/><br \/>\nGregory VAN GOSSUM[\/vc_column_text][vc_custom_heading text=\u00a0\u00bbL&rsquo;AJA : Statuts\u00a0\u00bb font_container=\u00a0\u00bbtag:h2|font_size:36|text_align:left\u00a0\u00bb use_theme_fonts=\u00a0\u00bbyes\u00a0\u00bb el_class=\u00a0\u00bbm-b-md\u00a0\u00bb][vc_separator color=\u00a0\u00bbcustom\u00a0\u00bb align=\u00a0\u00bbalign_left\u00a0\u00bb border_width=\u00a0\u00bb3&Prime; type=\u00a0\u00bbsmall\u00a0\u00bb accent_color=\u00a0\u00bb#0f71be\u00a0\u00bb][vc_column_text el_class=\u00a0\u00bblead m-b-lg\u00a0\u00bb]<\/p>\n<p>ASSOCIATION DES JURISTES DE L&rsquo;ASSURANCE , EN ABREGE : AJA ASBL<br \/>\nSQUARE DE MEEUS 29 1000 BRUXELLES<br \/>\n881.371.395<br \/>\nRUBRIQUE CONSTITUTION (NOUVELLE PERSONNE MORALE, OUVERTURE SUCCURSALE, ETC&#8230;)<br \/>\n2006-05-26 \/ 0088850<\/p>\n<p>[\/vc_column_text]<a aria-label=\"PDF\" class=\"porto-sicon-box-link\" href=\"http:\/\/www.ejustice.just.fgov.be\/tsv_pdf\/2006\/05\/26\/06088850.pdf\" target='_blank'><div class=\"porto-sicon-box  wpb_custom_1efe903570d178ff0a9b7bfa5febd3a4 style_1 default-icon\"><div class=\"porto-sicon-default\"><div class=\"porto-just-icon-wrapper porto-icon none\" style=\"font-size:32px;\"><i class=\"porto-icon-export\"><\/i><\/div><\/div><div class=\"porto-sicon-header\"><h3 class=\"porto-sicon-title\" style=\"\">PDF<\/h3><\/div> <!-- header --><\/div><!-- porto-sicon-box --><\/a>[\/vc_column][vc_column width=\u00a0\u00bb1\/12&Prime;][\/vc_column][vc_column width=\u00a0\u00bb1\/3&Prime;][vc_custom_heading text=\u00a0\u00bbListe des pr\u00e9sidents successifs depuis la fondation\u00a0\u00bb font_container=\u00a0\u00bbtag:h4|text_align:left\u00a0\u00bb use_theme_fonts=\u00a0\u00bbyes\u00a0\u00bb el_class=\u00a0\u00bbm-t-lg\u00a0\u00bb][vc_separator color=\u00a0\u00bbcustom\u00a0\u00bb align=\u00a0\u00bbalign_left\u00a0\u00bb border_width=\u00a0\u00bb3&Prime; type=\u00a0\u00bbsmall\u00a0\u00bb accent_color=\u00a0\u00bb#0f71be\u00a0\u00bb][vc_column_text el_class=\u00a0\u00bbm-t-lg\u00a0\u00bb]<strong>1951 \u2013 1956<\/strong> : Robert ANDRE<br \/>\n<strong>1956 \u2013 1958<\/strong> : Octave MALEVEZ<br \/>\n<strong>1958 \u2013 1960<\/strong> : Freddy SAUWEN<br \/>\n<strong>1960 \u2013 1962<\/strong> : Victor HEUSERS<br \/>\n<strong>1962 \u2013 1964<\/strong> : Jean KAHN-GOSSE<br \/>\n<strong>1964 \u2013 1966<\/strong> : Vasco DE BARBOSA<br \/>\n<strong>1966 \u2013 1968<\/strong> : Lionel DE MULDER<br \/>\n<strong>1968 \u2013 1970<\/strong> : Jean SALMON<br \/>\n<strong>1970 \u2013 1972<\/strong> : Jean ERNAULT<br \/>\n<strong>1972 \u2013 1974<\/strong> : Andr\u00e9 DE MAUBEUGE<br \/>\n<strong>1974 \u2013 1976<\/strong> : Henri VAN DUYNEN<br \/>\n<strong>1976 \u2013 1978<\/strong> : Emile CEUX<br \/>\n<strong>1978 \u2013 1980<\/strong> : Georges HUPIN<br \/>\n<strong>1980 \u2013 1982<\/strong> : Claude MASSON<br \/>\n<strong>1982 \u2013 1984<\/strong> : Jacques FRANSMAN<br \/>\n<strong>1984 \u2013 1986<\/strong> : Jacques BAETENS<br \/>\n<strong>1986 \u2013 1988<\/strong> : Hubert CLAASSENS<br \/>\n<strong>1988 \u2013 1990<\/strong> : Bob SARTON<br \/>\n<strong>1990 \u2013 1992<\/strong> : Bernard STIERNON<br \/>\n<strong>1992 \u2013 1994<\/strong> : Alain PIRE<br \/>\n<strong>1994 \u2013 1995<\/strong> : Mich\u00e8le NAHUM-HASQUIN<br \/>\n<strong>1995 \u2013 1997<\/strong> : Jean ROGGE<br \/>\n<strong>1997 \u2013 1999<\/strong> : Nadine DENOEL<br \/>\n<strong>1999 \u2013 2001<\/strong> : Patrick VAN DE SYPE<br \/>\n<strong>2001 \u2013 2003<\/strong> : Philippe DE THYSEBAERT<br \/>\n<strong>2003 \u2013 2005<\/strong> : Eveline VAN DEN HOUT<br \/>\n<strong>2005 \u2013 2007<\/strong> : Philippe FONTAINE<br \/>\n<strong>2007 \u2013 2009<\/strong> : Serge JACOBS<br \/>\n<strong>2009 \u2013 2012<\/strong> : Charles-Albert VAN OLDENEEL<br \/>\n<strong>2012 \u2013 2018<\/strong> : Kelly SCHAMPHELAERE[\/vc_column_text][\/vc_column][\/vc_row]<\/p>\n<\/div>","protected":false},"excerpt":{"rendered":"<p>[vc_row][vc_column width=\u00a0\u00bb7\/12&Prime;][vc_custom_heading text=\u00a0\u00bbComposition du conseil d&rsquo;administration\u00a0\u00bb font_container=\u00a0\u00bbtag:h2|font_size:36|text_align:left\u00a0\u00bb use_theme_fonts=\u00a0\u00bbyes\u00a0\u00bb el_class=\u00a0\u00bbm-b-md\u00a0\u00bb css=\u00a0\u00bb.vc_custom_1562696258673{margin-top: 20px !important;}\u00a0\u00bb][vc_separator color=\u00a0\u00bbcustom\u00a0\u00bb align=\u00a0\u00bbalign_left\u00a0\u00bb border_width=\u00a0\u00bb3&Prime; type=\u00a0\u00bbsmall\u00a0\u00bb accent_color=\u00a0\u00bb#0f71be\u00a0\u00bb][vc_column_text el_class=\u00a0\u00bblead m-b-lg\u00a0\u00bb] Pr\u00e9sident Charles-Albert VAN OLDENEEL Vice-Pr\u00e9sidente Kelly SCHAMPHELAERE Tr\u00e9sorier Philippe DE THYSEBAERT [&hellip;]<\/p>\n","protected":false},"author":1,"featured_media":0,"parent":0,"menu_order":0,"comment_status":"closed","ping_status":"closed","template":"","meta":{"_price":"","_stock":"","_tribe_ticket_header":"","_tribe_default_ticket_provider":"","_tribe_ticket_capacity":"0","_ticket_start_date":"","_ticket_end_date":"","_tribe_ticket_show_description":"","_tribe_ticket_show_not_going":false,"_tribe_ticket_use_global_stock":"","_tribe_ticket_global_stock_level":"","_global_stock_mode":"","_global_stock_cap":"","_tribe_rsvp_for_event":"","_tribe_ticket_going_count":"","_tribe_ticket_not_going_count":"","_tribe_tickets_list":"[]","_tribe_ticket_has_attendee_info_fields":false,"footnotes":""},"class_list":["post-39","page","type-page","status-publish","hentry"],"yoast_head":"<!-- This site is optimized with the Yoast SEO plugin v27.5 - https:\/\/yoast.com\/product\/yoast-seo-wordpress\/ -->\n<title>Pr\u00e9sentation de l&#039;Association des Juristes de l&#039;Assurance (AJA)<\/title>\n<meta name=\"description\" content=\"Association des Juristes de l&#039;Assurance : composition du conseil d&#039;administration, statuts et liste des pr\u00e9sidents successifs depuis la fondation.\" \/>\n<meta name=\"robots\" content=\"index, follow, max-snippet:-1, max-image-preview:large, max-video-preview:-1\" \/>\n<link rel=\"canonical\" href=\"https:\/\/www.aja-vvj.be\/fr\/laja\/\" \/>\n<meta property=\"og:locale\" content=\"fr_FR\" \/>\n<meta property=\"og:type\" content=\"article\" \/>\n<meta property=\"og:title\" content=\"Pr\u00e9sentation de l&#039;Association des Juristes de l&#039;Assurance (AJA)\" \/>\n<meta property=\"og:description\" content=\"Association des Juristes de l&#039;Assurance : composition du conseil d&#039;administration, statuts et liste des pr\u00e9sidents successifs depuis la fondation.\" \/>\n<meta property=\"og:url\" content=\"https:\/\/www.aja-vvj.be\/fr\/laja\/\" \/>\n<meta property=\"og:site_name\" content=\"AJA VVJ\" \/>\n<meta property=\"article:modified_time\" content=\"2020-11-05T15:52:02+00:00\" \/>\n<meta property=\"og:image\" content=\"https:\/\/www.aja-vvj.be\/wp-content\/uploads\/2019\/07\/Charles-Albert-van-Oldeneel-300x300.png\" \/>\n<meta name=\"twitter:card\" content=\"summary_large_image\" \/>\n<meta name=\"twitter:label1\" content=\"Dur\u00e9e de lecture estim\u00e9e\" \/>\n\t<meta name=\"twitter:data1\" content=\"2 minutes\" \/>\n<script type=\"application\/ld+json\" class=\"yoast-schema-graph\">{\"@context\":\"https:\\\/\\\/schema.org\",\"@graph\":[{\"@type\":\"WebPage\",\"@id\":\"https:\\\/\\\/www.aja-vvj.be\\\/fr\\\/laja\\\/\",\"url\":\"https:\\\/\\\/www.aja-vvj.be\\\/fr\\\/laja\\\/\",\"name\":\"Pr\u00e9sentation de l'Association des Juristes de l'Assurance (AJA)\",\"isPartOf\":{\"@id\":\"https:\\\/\\\/www.aja-vvj.be\\\/fr\\\/#website\"},\"primaryImageOfPage\":{\"@id\":\"https:\\\/\\\/www.aja-vvj.be\\\/fr\\\/laja\\\/#primaryimage\"},\"image\":{\"@id\":\"https:\\\/\\\/www.aja-vvj.be\\\/fr\\\/laja\\\/#primaryimage\"},\"thumbnailUrl\":\"https:\\\/\\\/www.aja-vvj.be\\\/wp-content\\\/uploads\\\/2019\\\/07\\\/Charles-Albert-van-Oldeneel-300x300.png\",\"datePublished\":\"2016-08-11T08:55:34+00:00\",\"dateModified\":\"2020-11-05T15:52:02+00:00\",\"description\":\"Association des Juristes de l'Assurance : composition du conseil d'administration, statuts et liste des pr\u00e9sidents successifs depuis la fondation.\",\"breadcrumb\":{\"@id\":\"https:\\\/\\\/www.aja-vvj.be\\\/fr\\\/laja\\\/#breadcrumb\"},\"inLanguage\":\"fr-FR\",\"potentialAction\":[{\"@type\":\"ReadAction\",\"target\":[\"https:\\\/\\\/www.aja-vvj.be\\\/fr\\\/laja\\\/\"]}]},{\"@type\":\"ImageObject\",\"inLanguage\":\"fr-FR\",\"@id\":\"https:\\\/\\\/www.aja-vvj.be\\\/fr\\\/laja\\\/#primaryimage\",\"url\":\"https:\\\/\\\/www.aja-vvj.be\\\/wp-content\\\/uploads\\\/2019\\\/07\\\/Charles-Albert-van-Oldeneel-300x300.png\",\"contentUrl\":\"https:\\\/\\\/www.aja-vvj.be\\\/wp-content\\\/uploads\\\/2019\\\/07\\\/Charles-Albert-van-Oldeneel-300x300.png\"},{\"@type\":\"BreadcrumbList\",\"@id\":\"https:\\\/\\\/www.aja-vvj.be\\\/fr\\\/laja\\\/#breadcrumb\",\"itemListElement\":[{\"@type\":\"ListItem\",\"position\":1,\"name\":\"Home\",\"item\":\"https:\\\/\\\/www.aja-vvj.be\\\/fr\\\/home\\\/\"},{\"@type\":\"ListItem\",\"position\":2,\"name\":\"L&#8217;AJA\"}]},{\"@type\":\"WebSite\",\"@id\":\"https:\\\/\\\/www.aja-vvj.be\\\/fr\\\/#website\",\"url\":\"https:\\\/\\\/www.aja-vvj.be\\\/fr\\\/\",\"name\":\"AJA VVJ\",\"description\":\"\",\"potentialAction\":[{\"@type\":\"SearchAction\",\"target\":{\"@type\":\"EntryPoint\",\"urlTemplate\":\"https:\\\/\\\/www.aja-vvj.be\\\/fr\\\/?s={search_term_string}\"},\"query-input\":{\"@type\":\"PropertyValueSpecification\",\"valueRequired\":true,\"valueName\":\"search_term_string\"}}],\"inLanguage\":\"fr-FR\"}]}<\/script>\n<!-- \/ Yoast SEO plugin. -->","yoast_head_json":{"title":"Pr\u00e9sentation de l'Association des Juristes de l'Assurance (AJA)","description":"Association des Juristes de l'Assurance : composition du conseil d'administration, statuts et liste des pr\u00e9sidents successifs depuis la fondation.","robots":{"index":"index","follow":"follow","max-snippet":"max-snippet:-1","max-image-preview":"max-image-preview:large","max-video-preview":"max-video-preview:-1"},"canonical":"https:\/\/www.aja-vvj.be\/fr\/laja\/","og_locale":"fr_FR","og_type":"article","og_title":"Pr\u00e9sentation de l'Association des Juristes de l'Assurance (AJA)","og_description":"Association des Juristes de l'Assurance : composition du conseil d'administration, statuts et liste des pr\u00e9sidents successifs depuis la fondation.","og_url":"https:\/\/www.aja-vvj.be\/fr\/laja\/","og_site_name":"AJA VVJ","article_modified_time":"2020-11-05T15:52:02+00:00","og_image":[{"url":"https:\/\/www.aja-vvj.be\/wp-content\/uploads\/2019\/07\/Charles-Albert-van-Oldeneel-300x300.png","type":"","width":"","height":""}],"twitter_card":"summary_large_image","twitter_misc":{"Dur\u00e9e de lecture estim\u00e9e":"2 minutes"},"schema":{"@context":"https:\/\/schema.org","@graph":[{"@type":"WebPage","@id":"https:\/\/www.aja-vvj.be\/fr\/laja\/","url":"https:\/\/www.aja-vvj.be\/fr\/laja\/","name":"Pr\u00e9sentation de l'Association des Juristes de l'Assurance (AJA)","isPartOf":{"@id":"https:\/\/www.aja-vvj.be\/fr\/#website"},"primaryImageOfPage":{"@id":"https:\/\/www.aja-vvj.be\/fr\/laja\/#primaryimage"},"image":{"@id":"https:\/\/www.aja-vvj.be\/fr\/laja\/#primaryimage"},"thumbnailUrl":"https:\/\/www.aja-vvj.be\/wp-content\/uploads\/2019\/07\/Charles-Albert-van-Oldeneel-300x300.png","datePublished":"2016-08-11T08:55:34+00:00","dateModified":"2020-11-05T15:52:02+00:00","description":"Association des Juristes de l'Assurance : composition du conseil d'administration, statuts et liste des pr\u00e9sidents successifs depuis la fondation.","breadcrumb":{"@id":"https:\/\/www.aja-vvj.be\/fr\/laja\/#breadcrumb"},"inLanguage":"fr-FR","potentialAction":[{"@type":"ReadAction","target":["https:\/\/www.aja-vvj.be\/fr\/laja\/"]}]},{"@type":"ImageObject","inLanguage":"fr-FR","@id":"https:\/\/www.aja-vvj.be\/fr\/laja\/#primaryimage","url":"https:\/\/www.aja-vvj.be\/wp-content\/uploads\/2019\/07\/Charles-Albert-van-Oldeneel-300x300.png","contentUrl":"https:\/\/www.aja-vvj.be\/wp-content\/uploads\/2019\/07\/Charles-Albert-van-Oldeneel-300x300.png"},{"@type":"BreadcrumbList","@id":"https:\/\/www.aja-vvj.be\/fr\/laja\/#breadcrumb","itemListElement":[{"@type":"ListItem","position":1,"name":"Home","item":"https:\/\/www.aja-vvj.be\/fr\/home\/"},{"@type":"ListItem","position":2,"name":"L&#8217;AJA"}]},{"@type":"WebSite","@id":"https:\/\/www.aja-vvj.be\/fr\/#website","url":"https:\/\/www.aja-vvj.be\/fr\/","name":"AJA VVJ","description":"","potentialAction":[{"@type":"SearchAction","target":{"@type":"EntryPoint","urlTemplate":"https:\/\/www.aja-vvj.be\/fr\/?s={search_term_string}"},"query-input":{"@type":"PropertyValueSpecification","valueRequired":true,"valueName":"search_term_string"}}],"inLanguage":"fr-FR"}]}},"_links":{"self":[{"href":"https:\/\/www.aja-vvj.be\/fr\/wp-json\/wp\/v2\/pages\/39","targetHints":{"allow":["GET"]}}],"collection":[{"href":"https:\/\/www.aja-vvj.be\/fr\/wp-json\/wp\/v2\/pages"}],"about":[{"href":"https:\/\/www.aja-vvj.be\/fr\/wp-json\/wp\/v2\/types\/page"}],"author":[{"embeddable":true,"href":"https:\/\/www.aja-vvj.be\/fr\/wp-json\/wp\/v2\/users\/1"}],"replies":[{"embeddable":true,"href":"https:\/\/www.aja-vvj.be\/fr\/wp-json\/wp\/v2\/comments?post=39"}],"version-history":[{"count":11,"href":"https:\/\/www.aja-vvj.be\/fr\/wp-json\/wp\/v2\/pages\/39\/revisions"}],"predecessor-version":[{"id":738,"href":"https:\/\/www.aja-vvj.be\/fr\/wp-json\/wp\/v2\/pages\/39\/revisions\/738"}],"wp:attachment":[{"href":"https:\/\/www.aja-vvj.be\/fr\/wp-json\/wp\/v2\/media?parent=39"}],"curies":[{"name":"wp","href":"https:\/\/api.w.org\/{rel}","templated":true}]}}