{"id":2,"date":"2019-03-01T06:21:12","date_gmt":"2019-03-01T06:21:12","guid":{"rendered":"http:\/\/aja-vvj.woot-it.be\/?page_id=2"},"modified":"2026-01-26T21:59:46","modified_gmt":"2026-01-26T20:59:46","slug":"membres","status":"publish","type":"page","link":"https:\/\/www.aja-vvj.be\/fr\/membres\/","title":{"rendered":"Membres"},"content":{"rendered":"<div class=\"wpb-content-wrapper\"><\/p>\n<p>[vc_row][vc_column][vc_column_text][vc_custom_heading text=\u00a0\u00bbMembres\u00a0\u00bb font_container=\u00a0\u00bbtag:h2|font_size:36|text_align:left\u00a0\u00bb use_theme_fonts=\u00a0\u00bbyes\u00a0\u00bb el_class=\u00a0\u00bbm-b-md\u00a0\u00bb][vc_separator color=\u00a0\u00bbcustom\u00a0\u00bb align=\u00a0\u00bbalign_left\u00a0\u00bb border_width=\u00a0\u00bb3&Prime; type=\u00a0\u00bbsmall\u00a0\u00bb accent_color=\u00a0\u00bb#0f71be\u00a0\u00bb]<\/p>\n<h3>Vous \u00eates d\u00e9j\u00e0 membres :<\/h3>\n<div class=\"tml tml-login\">\n<div class=\"tml-alerts\"><\/div><form name=\"login\" action=\"https:\/\/www.aja-vvj.be\/fr\/login\/\" method=\"post\">\n<div class=\"tml-field-wrap tml-log-wrap\">\n<label class=\"tml-label\" for=\"user_login\">E-mail<\/label>\n<input name=\"log\" type=\"text\" value=\"\" id=\"user_login\" autocapitalize=\"off\" class=\"tml-field\">\n<\/div>\n\n<div class=\"tml-field-wrap tml-pwd-wrap\">\n<label class=\"tml-label\" for=\"user_pass\">Mot de passe<\/label>\n<input name=\"pwd\" type=\"password\" value=\"\" id=\"user_pass\" class=\"tml-field\">\n<\/div>\n\n\n<div class=\"tml-field-wrap tml-rememberme-wrap\">\n<input name=\"rememberme\" type=\"checkbox\" value=\"forever\" id=\"rememberme\" class=\"tml-checkbox\">\n<label class=\"tml-label\" for=\"rememberme\">Se souvenir de moi<\/label>\n<\/div>\n\n<div class=\"tml-field-wrap tml-submit-wrap\">\n<button name=\"submit\" type=\"submit\" class=\"tml-button\">Ouvrir une session<\/button>\n<\/div>\n\n<input name=\"redirect_to\" type=\"hidden\" value=\"https:\/\/www.aja-vvj.be\/wp-admin\/\">\n\n<\/form>\n<ul class=\"tml-links\"><li class=\"tml-register-link\"><a href=\"https:\/\/www.aja-vvj.be\/fr\/leden\/\">S&#039;inscrire<\/a><\/li><li class=\"tml-lostpassword-link\"><a href=\"https:\/\/www.aja-vvj.be\/fr\/lostpassword\/\">Mot de passe oubli\u00e9?<\/a><\/li><\/ul><\/div>\n[\/vc_column_text][vc_column_text css=\u00a0\u00bb\u00a0\u00bb]<\/p>\n<h3>Non membres :<\/h3>\n<p><span class=\"stitre\"><strong>Vous n&rsquo;\u00eates pas encore membre :<\/strong> <\/span><br \/>\nPour pouvoir ouvrir une session, vous devez commencer par vous inscrire.<br \/>\nLe montant de la cotisation annuelle s&rsquo;\u00e9l\u00e8ve \u00e0 45,-\u20ac<br \/>\nLes champs marqu\u00e9s d&rsquo;une <span class=\"mandatory\">*<\/span> sont obligatoires.<br \/>\n<div class=\"tml tml-register\">\n<div class=\"tml-alerts\"><\/div><form name=\"register\" action=\"https:\/\/www.aja-vvj.be\/fr\/leden\/\" method=\"post\" novalidate=\"novalidate\">\n<div class=\"tml-field-wrap tml-user_login-wrap\">\n<label class=\"tml-label\" for=\"user_login\">Nom d'utilisateur<\/label>\n<input name=\"user_login\" type=\"text\" value=\"\" id=\"user_login\" autocapitalize=\"off\" class=\"tml-field\">\n<\/div>\n\n<div class=\"tml-field-wrap tml-user_email-wrap\">\n<label class=\"tml-label\" for=\"user_email\">E-mail<\/label>\n<input name=\"user_email\" type=\"email\" value=\"\" id=\"user_email\" class=\"tml-field\">\n<\/div>\n\n<div class=\"tml-field-wrap tml-user_pass1-wrap\">\n<label class=\"tml-label\" for=\"pass1\">Mot de passe<\/label>\n<input name=\"user_pass1\" type=\"password\" value=\"\" id=\"pass1\" autocomplete=\"off\" class=\"tml-field\">\n<\/div>\n\n<div class=\"tml-field-wrap tml-user_pass2-wrap\">\n<label class=\"tml-label\" for=\"pass2\">Confirmez le Mot de Passe<\/label>\n<input name=\"user_pass2\" type=\"password\" value=\"\" id=\"pass2\" autocomplete=\"off\" class=\"tml-field\">\n<\/div>\n\n<div class=\"tml-field-wrap tml-indicator-wrap\">\n<div id=\"pass-strength-result\" class=\"hide-if-no-js\" aria-live=\"polite\">Indicateur de robustesse<\/div><\/div>\n\n<div class=\"tml-field-wrap tml-indicator_hint-wrap\">\n<p class=\"description indicator-hint\">Astuce : le mot de passe devrait contenir au moins 12 caract\u00e8res. Pour le rendre plus s\u00fbr, utilisez des lettres en majuscule et minuscule, des nombres, et des symboles tels que ! \" ? $ % ^ & ).<\/p><\/div>\n\n\n\t\t\t\t<!-- Begin code from user role extra field -->\n            <table class=\"form-table\">\n                \n                    <tr>\n                        <input type=\"hidden\" name=\"prflxtrflds_field_name[1]\" value=\"Langue\">\n                        <td>\n                            <h2>Persoonlijke gegevens<\/h2>                            <p>\n                                <label>\n                                    Langue                                <\/label><br \/>\n                                <select class=\"medium\" name=\"prflxtrflds_user_field_value[1]\"><option><\/option><option value=\"1\" >Fran\u00e7ais<\/option><br \/><option value=\"2\" >Nederlands<\/option><br \/><\/select>                            <\/p>\n                        <\/td>\n                    <\/tr>\n                \n                    <tr>\n                        <input type=\"hidden\" name=\"prflxtrflds_field_name[2]\" value=\"Nom\">\n                        <td>\n                                                        <p>\n                                <label>\n                                    Nom                                <\/label><br \/>\n                                <input type=\"text\" class=\"medium\" name=\"prflxtrflds_user_field_value[2]\" value=\"\"    required=\"required\">                            <\/p>\n                        <\/td>\n                    <\/tr>\n                \n                    <tr>\n                        <input type=\"hidden\" name=\"prflxtrflds_field_name[3]\" value=\"Pr\u00e9nom\">\n                        <td>\n                                                        <p>\n                                <label>\n                                    Pr\u00e9nom                                <\/label><br \/>\n                                <input type=\"text\" class=\"medium\" name=\"prflxtrflds_user_field_value[3]\" value=\"\"    required=\"required\">                            <\/p>\n                        <\/td>\n                    <\/tr>\n                \n                    <tr>\n                        <input type=\"hidden\" name=\"prflxtrflds_field_name[4]\" value=\"Adresse\">\n                        <td>\n                            <h2>Adres (voor de postbezorging)<\/h2>                            <p>\n                                <label>\n                                    Adresse                                <\/label><br \/>\n                                <input type=\"text\" class=\"medium\" name=\"prflxtrflds_user_field_value[4]\" value=\"\"    required=\"required\">                            <\/p>\n                        <\/td>\n                    <\/tr>\n                \n                    <tr>\n                        <input type=\"hidden\" name=\"prflxtrflds_field_name[5]\" value=\"Code postal\">\n                        <td>\n                                                        <p>\n                                <label>\n                                    Code postal                                <\/label><br \/>\n                                <input type=\"text\" class=\"medium\" name=\"prflxtrflds_user_field_value[5]\" value=\"\"    required=\"required\">                            <\/p>\n                        <\/td>\n                    <\/tr>\n                \n                    <tr>\n                        <input type=\"hidden\" name=\"prflxtrflds_field_name[6]\" value=\"Localit\u00e9\">\n                        <td>\n                                                        <p>\n                                <label>\n                                    Localit\u00e9                                <\/label><br \/>\n                                <input type=\"text\" class=\"medium\" name=\"prflxtrflds_user_field_value[6]\" value=\"\"    required=\"required\">                            <\/p>\n                        <\/td>\n                    <\/tr>\n                \n                    <tr>\n                        <input type=\"hidden\" name=\"prflxtrflds_field_name[7]\" value=\"Profession et fonction\">\n                        <td>\n                            <h2>Beroepsgegevens<\/h2>                            <p>\n                                <label>\n                                    Profession et fonction                                <\/label><br \/>\n                                <input type=\"text\" class=\"medium\" name=\"prflxtrflds_user_field_value[7]\" value=\"\"    required=\"required\">                            <\/p>\n                        <\/td>\n                    <\/tr>\n                \n                    <tr>\n                        <input type=\"hidden\" name=\"prflxtrflds_field_name[8]\" value=\"Entreprise\">\n                        <td>\n                                                        <p>\n                                <label>\n                                    Entreprise                                <\/label><br \/>\n                                <input type=\"text\" class=\"medium\" name=\"prflxtrflds_user_field_value[8]\" value=\"\"    required=\"required\">                            <\/p>\n                        <\/td>\n                    <\/tr>\n                \n                    <tr>\n                        <input type=\"hidden\" name=\"prflxtrflds_field_name[9]\" value=\"Adresse entreprise\">\n                        <td>\n                                                        <p>\n                                <label>\n                                    Adresse entreprise                                <\/label><br \/>\n                                <input type=\"text\" class=\"medium\" name=\"prflxtrflds_user_field_value[9]\" value=\"\"    required=\"required\">                            <\/p>\n                        <\/td>\n                    <\/tr>\n                \n                    <tr>\n                        <input type=\"hidden\" name=\"prflxtrflds_field_name[10]\" value=\"Code postal entreprise\">\n                        <td>\n                                                        <p>\n                                <label>\n                                    Code postal entreprise                                <\/label><br \/>\n                                <input type=\"text\" class=\"medium\" name=\"prflxtrflds_user_field_value[10]\" value=\"\" maxlength=\"255\"   required=\"required\">                            <\/p>\n                        <\/td>\n                    <\/tr>\n                \n                    <tr>\n                        <input type=\"hidden\" name=\"prflxtrflds_field_name[11]\" value=\"Localit\u00e9 entreprise\">\n                        <td>\n                                                        <p>\n                                <label>\n                                    Localit\u00e9 entreprise                                <\/label><br \/>\n                                <input type=\"text\" class=\"medium\" name=\"prflxtrflds_user_field_value[11]\" value=\"\" maxlength=\"255\"   required=\"required\">                            <\/p>\n                        <\/td>\n                    <\/tr>\n                \n                    <tr>\n                        <input type=\"hidden\" name=\"prflxtrflds_field_name[12]\" value=\"T\u00e9l\u00e9phone\">\n                        <td>\n                                                        <p>\n                                <label>\n                                    T\u00e9l\u00e9phone                                <\/label><br \/>\n                                <input type=\"text\" class=\"medium\" name=\"prflxtrflds_user_field_value[12]\" value=\"\"    required=\"required\">                            <\/p>\n                        <\/td>\n                    <\/tr>\n                \n                    <tr>\n                        <input type=\"hidden\" name=\"prflxtrflds_field_name[13]\" value=\"GSM\">\n                        <td>\n                                                        <p>\n                                <label>\n                                    GSM                                <\/label><br \/>\n                                <input type=\"text\" class=\"medium\" name=\"prflxtrflds_user_field_value[13]\" value=\"\"   >                            <\/p>\n                        <\/td>\n                    <\/tr>\n                \n                    <tr>\n                        <input type=\"hidden\" name=\"prflxtrflds_field_name[14]\" value=\"Fax\">\n                        <td>\n                                                        <p>\n                                <label>\n                                    Fax                                <\/label><br \/>\n                                <input type=\"text\" class=\"medium\" name=\"prflxtrflds_user_field_value[14]\" value=\"\"   >                            <\/p>\n                        <\/td>\n                    <\/tr>\n                            <\/table><!--.form-table-->\n\n\t\t\t\n<div class=\"tml-field-wrap tml-submit-wrap\">\n<button name=\"submit\" type=\"submit\" class=\"tml-button\">S'inscrire<\/button>\n<\/div>\n\n<input name=\"redirect_to\" type=\"hidden\" value=\"\">\n\n<\/form>\n<ul class=\"tml-links\"><li class=\"tml-login-link\"><a href=\"https:\/\/www.aja-vvj.be\/fr\/login\/\">Ouvrir une session<\/a><\/li><li class=\"tml-lostpassword-link\"><a href=\"https:\/\/www.aja-vvj.be\/fr\/lostpassword\/\">Mot de passe oubli\u00e9?<\/a><\/li><\/ul><\/div>\n[\/vc_column_text][\/vc_column][\/vc_row]<\/p>\n<p>\n\n<\/div>","protected":false},"excerpt":{"rendered":"[vc_row][vc_column][vc_column_text][vc_custom_heading text=\"Membres\" font_container=\"tag:h2|font_size:36|text_align:left\" use_theme_fonts=\"yes\" el_class=\"m-b-md\"][vc_separator color=\"custom\" align=\"align_left\" border_width=\"3\" type=\"small\" accent_color=\"#0f71be\"] Vous \u00eates d\u00e9j\u00e0 membres : E-mail Mot de passe Se souvenir de moi Ouvrir une session S&#039;inscrireMot de passe oubli\u00e9? [...]","protected":false},"author":1,"featured_media":0,"parent":0,"menu_order":0,"comment_status":"closed","ping_status":"open","template":"","meta":{"_price":"","_stock":"","_tribe_ticket_header":"","_tribe_default_ticket_provider":"","_tribe_ticket_capacity":"0","_ticket_start_date":"","_ticket_end_date":"","_tribe_ticket_show_description":"","_tribe_ticket_show_not_going":false,"_tribe_ticket_use_global_stock":"","_tribe_ticket_global_stock_level":"","_global_stock_mode":"","_global_stock_cap":"","_tribe_rsvp_for_event":"","_tribe_ticket_going_count":"","_tribe_ticket_not_going_count":"","_tribe_tickets_list":"[]","_tribe_ticket_has_attendee_info_fields":false,"footnotes":""},"class_list":["post-2","page","type-page","status-publish","hentry"],"yoast_head":"<!-- This site is optimized with the Yoast SEO plugin v27.5 - https:\/\/yoast.com\/product\/yoast-seo-wordpress\/ -->\n<title>Membres : Association des Juristes de l&#039;Assurance (AJA)<\/title>\n<meta name=\"description\" content=\"Pour rejoindre l\u2019Association , il faut \u00eatre juriste et s\u2019int\u00e9resser, de pr\u00e8s ou d\u2019un peu plus loin, au Droit des Assurances.\" \/>\n<meta name=\"robots\" content=\"index, follow, max-snippet:-1, max-image-preview:large, max-video-preview:-1\" \/>\n<link rel=\"canonical\" href=\"https:\/\/www.aja-vvj.be\/fr\/membres\/\" \/>\n<meta property=\"og:locale\" content=\"fr_FR\" \/>\n<meta property=\"og:type\" content=\"article\" \/>\n<meta property=\"og:title\" content=\"Membres : Association des Juristes de l&#039;Assurance (AJA)\" \/>\n<meta property=\"og:description\" content=\"Pour rejoindre l\u2019Association , il faut \u00eatre juriste et s\u2019int\u00e9resser, de pr\u00e8s ou d\u2019un peu plus loin, au Droit des Assurances.\" \/>\n<meta property=\"og:url\" content=\"https:\/\/www.aja-vvj.be\/fr\/membres\/\" \/>\n<meta property=\"og:site_name\" content=\"AJA VVJ\" \/>\n<meta property=\"article:modified_time\" content=\"2026-01-26T20:59:46+00:00\" \/>\n<meta name=\"twitter:card\" content=\"summary_large_image\" \/>\n<meta name=\"twitter:label1\" content=\"Dur\u00e9e de lecture estim\u00e9e\" \/>\n\t<meta name=\"twitter:data1\" content=\"1 minute\" \/>\n<script type=\"application\/ld+json\" class=\"yoast-schema-graph\">{\"@context\":\"https:\\\/\\\/schema.org\",\"@graph\":[{\"@type\":\"WebPage\",\"@id\":\"https:\\\/\\\/www.aja-vvj.be\\\/fr\\\/membres\\\/\",\"url\":\"https:\\\/\\\/www.aja-vvj.be\\\/fr\\\/membres\\\/\",\"name\":\"Membres : Association des Juristes de l'Assurance (AJA)\",\"isPartOf\":{\"@id\":\"https:\\\/\\\/www.aja-vvj.be\\\/fr\\\/#website\"},\"datePublished\":\"2019-03-01T06:21:12+00:00\",\"dateModified\":\"2026-01-26T20:59:46+00:00\",\"description\":\"Pour rejoindre l\u2019Association , il faut \u00eatre juriste et s\u2019int\u00e9resser, de pr\u00e8s ou d\u2019un peu plus loin, au Droit des Assurances.\",\"breadcrumb\":{\"@id\":\"https:\\\/\\\/www.aja-vvj.be\\\/fr\\\/membres\\\/#breadcrumb\"},\"inLanguage\":\"fr-FR\",\"potentialAction\":[{\"@type\":\"ReadAction\",\"target\":[\"https:\\\/\\\/www.aja-vvj.be\\\/fr\\\/membres\\\/\"]}]},{\"@type\":\"BreadcrumbList\",\"@id\":\"https:\\\/\\\/www.aja-vvj.be\\\/fr\\\/membres\\\/#breadcrumb\",\"itemListElement\":[{\"@type\":\"ListItem\",\"position\":1,\"name\":\"Home\",\"item\":\"https:\\\/\\\/www.aja-vvj.be\\\/fr\\\/home\\\/\"},{\"@type\":\"ListItem\",\"position\":2,\"name\":\"Membres\"}]},{\"@type\":\"WebSite\",\"@id\":\"https:\\\/\\\/www.aja-vvj.be\\\/fr\\\/#website\",\"url\":\"https:\\\/\\\/www.aja-vvj.be\\\/fr\\\/\",\"name\":\"AJA VVJ\",\"description\":\"\",\"potentialAction\":[{\"@type\":\"SearchAction\",\"target\":{\"@type\":\"EntryPoint\",\"urlTemplate\":\"https:\\\/\\\/www.aja-vvj.be\\\/fr\\\/?s={search_term_string}\"},\"query-input\":{\"@type\":\"PropertyValueSpecification\",\"valueRequired\":true,\"valueName\":\"search_term_string\"}}],\"inLanguage\":\"fr-FR\"}]}<\/script>\n<!-- \/ Yoast SEO plugin. -->","yoast_head_json":{"title":"Membres : Association des Juristes de l'Assurance (AJA)","description":"Pour rejoindre l\u2019Association , il faut \u00eatre juriste et s\u2019int\u00e9resser, de pr\u00e8s ou d\u2019un peu plus loin, au Droit des Assurances.","robots":{"index":"index","follow":"follow","max-snippet":"max-snippet:-1","max-image-preview":"max-image-preview:large","max-video-preview":"max-video-preview:-1"},"canonical":"https:\/\/www.aja-vvj.be\/fr\/membres\/","og_locale":"fr_FR","og_type":"article","og_title":"Membres : Association des Juristes de l'Assurance (AJA)","og_description":"Pour rejoindre l\u2019Association , il faut \u00eatre juriste et s\u2019int\u00e9resser, de pr\u00e8s ou d\u2019un peu plus loin, au Droit des Assurances.","og_url":"https:\/\/www.aja-vvj.be\/fr\/membres\/","og_site_name":"AJA VVJ","article_modified_time":"2026-01-26T20:59:46+00:00","twitter_card":"summary_large_image","twitter_misc":{"Dur\u00e9e de lecture estim\u00e9e":"1 minute"},"schema":{"@context":"https:\/\/schema.org","@graph":[{"@type":"WebPage","@id":"https:\/\/www.aja-vvj.be\/fr\/membres\/","url":"https:\/\/www.aja-vvj.be\/fr\/membres\/","name":"Membres : Association des Juristes de l'Assurance (AJA)","isPartOf":{"@id":"https:\/\/www.aja-vvj.be\/fr\/#website"},"datePublished":"2019-03-01T06:21:12+00:00","dateModified":"2026-01-26T20:59:46+00:00","description":"Pour rejoindre l\u2019Association , il faut \u00eatre juriste et s\u2019int\u00e9resser, de pr\u00e8s ou d\u2019un peu plus loin, au Droit des Assurances.","breadcrumb":{"@id":"https:\/\/www.aja-vvj.be\/fr\/membres\/#breadcrumb"},"inLanguage":"fr-FR","potentialAction":[{"@type":"ReadAction","target":["https:\/\/www.aja-vvj.be\/fr\/membres\/"]}]},{"@type":"BreadcrumbList","@id":"https:\/\/www.aja-vvj.be\/fr\/membres\/#breadcrumb","itemListElement":[{"@type":"ListItem","position":1,"name":"Home","item":"https:\/\/www.aja-vvj.be\/fr\/home\/"},{"@type":"ListItem","position":2,"name":"Membres"}]},{"@type":"WebSite","@id":"https:\/\/www.aja-vvj.be\/fr\/#website","url":"https:\/\/www.aja-vvj.be\/fr\/","name":"AJA VVJ","description":"","potentialAction":[{"@type":"SearchAction","target":{"@type":"EntryPoint","urlTemplate":"https:\/\/www.aja-vvj.be\/fr\/?s={search_term_string}"},"query-input":{"@type":"PropertyValueSpecification","valueRequired":true,"valueName":"search_term_string"}}],"inLanguage":"fr-FR"}]}},"_links":{"self":[{"href":"https:\/\/www.aja-vvj.be\/fr\/wp-json\/wp\/v2\/pages\/2","targetHints":{"allow":["GET"]}}],"collection":[{"href":"https:\/\/www.aja-vvj.be\/fr\/wp-json\/wp\/v2\/pages"}],"about":[{"href":"https:\/\/www.aja-vvj.be\/fr\/wp-json\/wp\/v2\/types\/page"}],"author":[{"embeddable":true,"href":"https:\/\/www.aja-vvj.be\/fr\/wp-json\/wp\/v2\/users\/1"}],"replies":[{"embeddable":true,"href":"https:\/\/www.aja-vvj.be\/fr\/wp-json\/wp\/v2\/comments?post=2"}],"version-history":[{"count":5,"href":"https:\/\/www.aja-vvj.be\/fr\/wp-json\/wp\/v2\/pages\/2\/revisions"}],"predecessor-version":[{"id":2009,"href":"https:\/\/www.aja-vvj.be\/fr\/wp-json\/wp\/v2\/pages\/2\/revisions\/2009"}],"wp:attachment":[{"href":"https:\/\/www.aja-vvj.be\/fr\/wp-json\/wp\/v2\/media?parent=2"}],"curies":[{"name":"wp","href":"https:\/\/api.w.org\/{rel}","templated":true}]}}