{"id":143,"date":"2016-08-11T07:36:22","date_gmt":"2016-08-11T07:36:22","guid":{"rendered":"http:\/\/sw-themes.com\/porto_dummy\/?page_id=143"},"modified":"2020-11-05T16:14:15","modified_gmt":"2020-11-05T16:14:15","slug":"home","status":"publish","type":"page","link":"https:\/\/www.aja-vvj.be\/fr\/","title":{"rendered":"Accueil"},"content":{"rendered":"<div class=\"wpb-content-wrapper\"><p>[vc_row wrap_container=\u00a0\u00bbyes\u00a0\u00bb is_section=\u00a0\u00bbyes\u00a0\u00bb remove_margin_top=\u00a0\u00bbyes\u00a0\u00bb remove_border=\u00a0\u00bbyes\u00a0\u00bb][vc_column][vc_custom_heading text=\u00a0\u00bbL&rsquo;AJA\u00a0\u00bb use_theme_fonts=\u00a0\u00bbyes\u00a0\u00bb el_class=\u00a0\u00bbm-t-lg m-b-none\u00a0\u00bb][vc_separator color=\u00a0\u00bbcustom\u00a0\u00bb align=\u00a0\u00bbalign_left\u00a0\u00bb border_width=\u00a0\u00bb3&Prime; type=\u00a0\u00bbsmall\u00a0\u00bb accent_color=\u00a0\u00bb#0f71be\u00a0\u00bb][vc_column_text el_class=\u00a0\u00bbm-t-lg\u00a0\u00bb]Cr\u00e9\u00e9e en 1952, l&rsquo;Association des Juristes de l&rsquo;Assurance regroupe, pour l&rsquo;ensemble du pays, des juristes actifs dans ce secteur (Compagnies, Courtiers, Agents\u2026) ou des avocats sp\u00e9cialis\u00e9s en cette mati\u00e8re.<\/p>\n<p>Outre des d\u00e9jeuners-causeries p\u00e9riodiques sur des th\u00e8mes d&rsquo;actualit\u00e9, l&rsquo;AJA organise \u00e9galement des conf\u00e9rences-d\u00e9bats en collaboration avec les Universit\u00e9s. Ces manifestations sont accessibles en priorit\u00e9 aux membres ; les non-membres y ont acc\u00e8s moyennant une contribution financi\u00e8re suppl\u00e9mentaire.[\/vc_column_text][\/vc_column][\/vc_row][vc_row wrap_container=\u00a0\u00bbyes\u00a0\u00bb is_section=\u00a0\u00bbyes\u00a0\u00bb remove_margin_top=\u00a0\u00bbyes\u00a0\u00bb remove_border=\u00a0\u00bbyes\u00a0\u00bb css=\u00a0\u00bb.vc_custom_1552399902686{background-color: #ffffff !important;}\u00a0\u00bb][vc_column][vc_custom_heading text=\u00a0\u00bbObjectifs\u00a0\u00bb use_theme_fonts=\u00a0\u00bbyes\u00a0\u00bb el_class=\u00a0\u00bbm-t-lg m-b-none\u00a0\u00bb][vc_separator color=\u00a0\u00bbcustom\u00a0\u00bb align=\u00a0\u00bbalign_left\u00a0\u00bb border_width=\u00a0\u00bb3&Prime; type=\u00a0\u00bbsmall\u00a0\u00bb accent_color=\u00a0\u00bb#0f71be\u00a0\u00bb][vc_column_text el_class=\u00a0\u00bbm-t-lg\u00a0\u00bb]A l&rsquo;heure actuelle, les juristes sont confront\u00e9s \u00e0 des difficult\u00e9s inh\u00e9rentes \u00e0 notre mod\u00e8le de Soci\u00e9t\u00e9\u00a0:<\/p>\n<ul>\n<li>Les mati\u00e8res grandissent en difficult\u00e9 et en quantit\u00e9\u00a0;<\/li>\n<li>Le Droit, dans son ensemble, doit faire face \u00e0 de substantielles \u00e9volutions, de plus en plus fondamentales et fr\u00e9quentes\u00a0;<\/li>\n<li>Les horloges de nos vies professionnelles donnent l&rsquo;impression de tourner de plus en plus vite alors que le temps devient sans cesse plus pr\u00e9cieux, notamment en mati\u00e8re de recyclage, de formation permanente et de documentation.<\/li>\n<\/ul>\n<p>Dans pareil contexte, l&rsquo;AJA ambitionne de jouer un r\u00f4le non n\u00e9gligeable. Elle se veut en effet un lieu de rencontre, un lieu de formation et d&rsquo;information, un lieu de r\u00e9flexion scientifique.[\/vc_column_text][\/vc_column][\/vc_row][vc_row parallax=\u00a0\u00bbcontent-moving\u00a0\u00bb parallax_image=\u00a0\u00bb17&Prime; el_class=\u00a0\u00bbbg-width50 bg-width50-right\u00a0\u00bb][vc_column width=\u00a0\u00bb1\/2&Prime; is_section=\u00a0\u00bbyes\u00a0\u00bb section_skin=\u00a0\u00bbprimary\u00a0\u00bb remove_margin_top=\u00a0\u00bbyes\u00a0\u00bb remove_margin_bottom=\u00a0\u00bbyes\u00a0\u00bb css=\u00a0\u00bb.vc_custom_1552397109430{background-color: #0f71be !important;background-position: 0 0 !important;background-repeat: no-repeat !important;}\u00a0\u00bb][vc_row_inner el_class=\u00a0\u00bbjustify-content-end\u00a0\u00bb][vc_column_inner el_class=\u00a0\u00bbcol-half-section\u00a0\u00bb][vc_custom_heading text=\u00a0\u00bbEn bref\u00a0\u00bb use_theme_fonts=\u00a0\u00bbyes\u00a0\u00bb skin=\u00a0\u00bblight\u00a0\u00bb el_class=\u00a0\u00bbm-b-none\u00a0\u00bb][vc_separator color=\u00a0\u00bbcustom\u00a0\u00bb align=\u00a0\u00bbalign_left\u00a0\u00bb border_width=\u00a0\u00bb3&Prime; type=\u00a0\u00bbsmall\u00a0\u00bb accent_color=\u00a0\u00bb#ffffff\u00a0\u00bb el_class=\u00a0\u00bbm-b-lg\u00a0\u00bb][\/vc_column_inner][\/vc_row_inner]<div class=\"porto-carousel owl-carousel has-ccols ccols-xl-1 ccols-lg-1 ccols-md-1 ccols-sm-1 ccols-1 col-half-section col-half-section-right wpb_custom_c86c2fb53cae9eced42d4b8900a042f3\" data-plugin-options=\"{&quot;themeConfig&quot;:true,&quot;stagePadding&quot;:0,&quot;margin&quot;:0,&quot;autoplay&quot;:&quot;yes&quot;,&quot;mouseDrag&quot;:true,&quot;touchDrag&quot;:true,&quot;autoplayTimeout&quot;:5000,&quot;autoplayHoverPause&quot;:false,&quot;items&quot;:1,&quot;xl&quot;:1,&quot;lg&quot;:1,&quot;md&quot;:1,&quot;sm&quot;:1,&quot;xs&quot;:1,&quot;nav&quot;:false,&quot;dots&quot;:&quot;yes&quot;,&quot;animateIn&quot;:&quot;&quot;,&quot;animateOut&quot;:&quot;&quot;,&quot;loop&quot;:&quot;yes&quot;,&quot;center&quot;:false,&quot;video&quot;:false,&quot;lazyLoad&quot;:false,&quot;fullscreen&quot;:false}\">[vc_column_text]l&rsquo;AJA <strong>joint l&rsquo;utile \u00e0 l&rsquo;agr\u00e9able <\/strong>. Les conf\u00e9rences ont lieu en milieu de journ\u00e9e, autour d&rsquo;une bonne table qui favorise les relations humaines et scientifiques. Le climat est convivial.<\/p>\n<p>L&rsquo;Association souhaite ardemment <strong>l&rsquo;affiliation des jeunes <\/strong> juristes sp\u00e9cialis\u00e9s, \u00e0 qui elle veut offrir un lieu privil\u00e9gi\u00e9 d&rsquo;insertion dans la vie professionnelle.<\/p>\n<p>Pour <strong>rejoindre l&rsquo;Association <\/strong>, il faut \u00eatre juriste et s&rsquo;int\u00e9resser, de pr\u00e8s ou d&rsquo;un peu plus loin, au Droit des Assurances. L&rsquo;affiliation permet de recevoir les informations et invitations pour les diff\u00e9rentes activit\u00e9s, et de ne payer qu&rsquo;un prix minimum pour la participation aux lunchs et conf\u00e9rences. En outre, la cotisation \u2013 tr\u00e8s modique &#8211; des membres garantit l&rsquo;existence et la qualit\u00e9 des activit\u00e9s, ne l&rsquo;oublions pas\u00a0![\/vc_column_text]<\/div>[\/vc_column][vc_column width=\u00a0\u00bb1\/2&Prime;][\/vc_column][\/vc_row][vc_row wrap_container=\u00a0\u00bbyes\u00a0\u00bb el_id=\u00a0\u00bbpractice-areas\u00a0\u00bb][vc_column][vc_custom_heading text=\u00a0\u00bbL&rsquo;AJA et Internet\u00a0\u00bb font_container=\u00a0\u00bbtag:h2|text_align:center\u00a0\u00bb use_theme_fonts=\u00a0\u00bbyes\u00a0\u00bb el_class=\u00a0\u00bbm-b-none m-t-lg\u00a0\u00bb][vc_separator color=\u00a0\u00bbcustom\u00a0\u00bb border_width=\u00a0\u00bb3&Prime; type=\u00a0\u00bbsmall\u00a0\u00bb accent_color=\u00a0\u00bb#0f71be\u00a0\u00bb el_class=\u00a0\u00bbm-b-lg\u00a0\u00bb][vc_column_text]Par ce site Internet, l&rsquo;Association des Juristes d&rsquo;Assurance esp\u00e8re disposer d&rsquo;un outil relationnel avec ses membres. Le souhait du Conseil d&rsquo;Administration est en effet de mettre ce site \u00e0 disposition des affili\u00e9s pour y faire figurer un maximum d&rsquo;informations relatives au Droit des Assurances.[\/vc_column_text][vc_row_inner animation_type=\u00a0\u00bbfadeInUp\u00a0\u00bb css=\u00a0\u00bb.vc_custom_1552402161778{margin-bottom: 10px !important;border-bottom-width: 10px !important;}\u00a0\u00bb][vc_column_inner width=\u00a0\u00bb1\/3&Prime;]<div class=\"porto-sicon-box  wpb_custom_1efe903570d178ff0a9b7bfa5febd3a4 style_1 left-icon\"><div class=\"porto-sicon-left\"><div class=\"porto-just-icon-wrapper porto-icon none\" style=\"font-size:32px;\"><i class=\"porto-icon-doc-inv\"><\/i><\/div><\/div><div class=\"porto-sicon-body\"><div class=\"porto-sicon-header\"><h3 class=\"porto-sicon-title\" style=\"\">Article int\u00e9ressant<\/h3><\/div> <!-- header --><div class=\"porto-sicon-description\" style=\"\"><strong>Vous <\/strong> avez d\u00e9couvert un article particuli\u00e8rement int\u00e9ressant dans une revue\u00a0?<\/div> <!-- description --><\/div><\/div><!-- porto-sicon-box -->[\/vc_column_inner][vc_column_inner width=\u00a0\u00bb1\/3&Prime;]<div class=\"porto-sicon-box  wpb_custom_1efe903570d178ff0a9b7bfa5febd3a4 style_1 left-icon\"><div class=\"porto-sicon-left\"><div class=\"porto-just-icon-wrapper porto-icon none\" style=\"font-size:32px;\"><i class=\"porto-icon-pencil\"><\/i><\/div><\/div><div class=\"porto-sicon-body\"><div class=\"porto-sicon-header\"><h3 class=\"porto-sicon-title\" style=\"\">Commentaire scientifique<\/h3><\/div> <!-- header --><div class=\"porto-sicon-description\" style=\"\"><strong>Vous<\/strong> avez r\u00e9dig\u00e9 un commentaire scientifique sur une question de droit ?<\/div> <!-- description --><\/div><\/div><!-- porto-sicon-box -->[\/vc_column_inner][vc_column_inner width=\u00a0\u00bb1\/3&Prime;]<div class=\"porto-sicon-box  wpb_custom_1efe903570d178ff0a9b7bfa5febd3a4 style_1 left-icon\"><div class=\"porto-sicon-left\"><div class=\"porto-just-icon-wrapper porto-icon none\" style=\"font-size:32px;\"><i class=\"porto-icon-down-open\"><\/i><\/div><\/div><div class=\"porto-sicon-body\"><div class=\"porto-sicon-header\"><h3 class=\"porto-sicon-title\" style=\"\">D\u00e9cision judiciaire<\/h3><\/div> <!-- header --><div class=\"porto-sicon-description\" style=\"\"><strong>Vous <\/strong> avez connaissance d&rsquo;une d\u00e9cision judiciaire des plus int\u00e9ressantes\u00a0?<\/div> <!-- description --><\/div><\/div><!-- porto-sicon-box -->[\/vc_column_inner][\/vc_row_inner][vc_row_inner el_class=\u00a0\u00bbm-b-xl\u00a0\u00bb animation_type=\u00a0\u00bbfadeInUp\u00a0\u00bb css=\u00a0\u00bb.vc_custom_1552402575347{margin-top: 40px !important;}\u00a0\u00bb][vc_column_inner width=\u00a0\u00bb1\/3&Prime;]<div class=\"porto-sicon-box  wpb_custom_1efe903570d178ff0a9b7bfa5febd3a4 style_1 left-icon\"><div class=\"porto-sicon-left\"><div class=\"porto-just-icon-wrapper porto-icon none\" style=\"font-size:32px;\"><i class=\"porto-icon-users\"><\/i><\/div><\/div><div class=\"porto-sicon-body\"><div class=\"porto-sicon-header\"><h3 class=\"porto-sicon-title\" style=\"\">Aide de coll\u00e8gues<\/h3><\/div> <!-- header --><div class=\"porto-sicon-description\" style=\"\"><strong>Vous <\/strong> souhaiteriez obtenir de l&rsquo;aide de coll\u00e8gues de la profession\u00a0?<\/div> <!-- description --><\/div><\/div><!-- porto-sicon-box -->[\/vc_column_inner][vc_column_inner width=\u00a0\u00bb1\/3&Prime;]<div class=\"porto-sicon-box  wpb_custom_1efe903570d178ff0a9b7bfa5febd3a4 style_1 left-icon\"><div class=\"porto-sicon-left\"><div class=\"porto-just-icon-wrapper porto-icon none\" style=\"font-size:32px;\"><i class=\"porto-icon-export\"><\/i><\/div><\/div><div class=\"porto-sicon-body\"><div class=\"porto-sicon-header\"><h3 class=\"porto-sicon-title\" style=\"\">Site int\u00e9ressant<\/h3><\/div> <!-- header --><div class=\"porto-sicon-description\" style=\"\"><strong>Vous <\/strong> connaissez un site int\u00e9ressant en mati\u00e8re d&rsquo;assurances\u00a0?<\/div> <!-- description --><\/div><\/div><!-- porto-sicon-box -->[\/vc_column_inner][vc_column_inner width=\u00a0\u00bb1\/3&Prime;]<div class=\"porto-sicon-box  wpb_custom_1efe903570d178ff0a9b7bfa5febd3a4 style_1 left-icon\"><div class=\"porto-sicon-left\"><div class=\"porto-just-icon-wrapper porto-icon none\" style=\"font-size:32px;\"><i class=\"porto-icon-chat\"><\/i><\/div><\/div><div class=\"porto-sicon-body\"><div class=\"porto-sicon-header\"><h3 class=\"porto-sicon-title\" style=\"\">Opinion, critique, demande<\/h3><\/div> <!-- header --><div class=\"porto-sicon-description\" style=\"\"><strong>Vous <\/strong> avez une opinion, une critique, une demande\u00a0\u2026?<\/div> <!-- description --><\/div><\/div><!-- porto-sicon-box -->[\/vc_column_inner][\/vc_row_inner][\/vc_column][\/vc_row][vc_row disable_element=\u00a0\u00bbyes\u00a0\u00bb wrap_container=\u00a0\u00bbyes\u00a0\u00bb is_section=\u00a0\u00bbyes\u00a0\u00bb section_skin=\u00a0\u00bbparallax\u00a0\u00bb remove_margin_top=\u00a0\u00bbyes\u00a0\u00bb remove_margin_bottom=\u00a0\u00bbyes\u00a0\u00bb remove_padding_bottom=\u00a0\u00bbyes\u00a0\u00bb remove_border=\u00a0\u00bbyes\u00a0\u00bb][vc_column][vc_custom_heading text=\u00a0\u00bbActualit\u00e9s\u00a0\u00bb font_container=\u00a0\u00bbtag:h2|text_align:center\u00a0\u00bb use_theme_fonts=\u00a0\u00bbyes\u00a0\u00bb el_class=\u00a0\u00bbm-b-none m-t-sm\u00a0\u00bb][vc_separator color=\u00a0\u00bbcustom\u00a0\u00bb border_width=\u00a0\u00bb3&Prime; type=\u00a0\u00bbsmall\u00a0\u00bb accent_color=\u00a0\u00bb#0f71be\u00a0\u00bb el_class=\u00a0\u00bbm-b-lg\u00a0\u00bb]<div class=\"  wpb_custom_c8b1584ca8467693c621f8c6ee509682\"><\/div>[\/vc_column][\/vc_row][vc_row wrap_container=\u00a0\u00bbyes\u00a0\u00bb is_section=\u00a0\u00bbyes\u00a0\u00bb section_skin=\u00a0\u00bbparallax\u00a0\u00bb remove_margin_top=\u00a0\u00bbyes\u00a0\u00bb remove_margin_bottom=\u00a0\u00bbyes\u00a0\u00bb css=\u00a0\u00bb.vc_custom_1470901683258{background-image: url(https:\/\/www.aja-vvj.be\/wp-content\/uploads\/2016\/08\/custom-header-bg-2.jpg?id=19) !important;}\u00a0\u00bb el_class=\u00a0\u00bbbg-pos-bottom\u00a0\u00bb][vc_column width=\u00a0\u00bb1\/2&Prime; offset=\u00a0\u00bbvc_hidden-sm vc_hidden-xs\u00a0\u00bb][\/vc_column][vc_column offset=\u00a0\u00bbvc_col-md-6&Prime;][vc_custom_heading text=\u00a0\u00bbContactez-nous\u00a0\u00bb use_theme_fonts=\u00a0\u00bbyes\u00a0\u00bb el_class=\u00a0\u00bbm-t-lg m-b-none\u00a0\u00bb][vc_column_text el_class=\u00a0\u00bbm-b-none\u00a0\u00bb]Ce site est \u00e0 votre disposition. Contactez-nous, et, dans la mesure de nos moyens, nous rechercherons la meilleure suite \u00e0 donner \u00e0 votre information ou demande.[\/vc_column_text][vc_separator color=\u00a0\u00bbcustom\u00a0\u00bb align=\u00a0\u00bbalign_left\u00a0\u00bb border_width=\u00a0\u00bb3&Prime; type=\u00a0\u00bbsmall\u00a0\u00bb accent_color=\u00a0\u00bb#0f71be\u00a0\u00bb]\n<div class=\"wpcf7 no-js\" id=\"wpcf7-f25-o1\" lang=\"en-US\" dir=\"ltr\" data-wpcf7-id=\"25\">\n<div class=\"screen-reader-response\"><p role=\"status\" aria-live=\"polite\" aria-atomic=\"true\"><\/p> <ul><\/ul><\/div>\n<form action=\"\/fr\/wp-json\/wp\/v2\/pages\/143#wpcf7-f25-o1\" method=\"post\" class=\"wpcf7-form init\" aria-label=\"Contact form\" novalidate=\"novalidate\" data-status=\"init\">\n<fieldset class=\"hidden-fields-container\"><input type=\"hidden\" name=\"_wpcf7\" value=\"25\" \/><input type=\"hidden\" name=\"_wpcf7_version\" value=\"6.1.5\" \/><input type=\"hidden\" name=\"_wpcf7_locale\" value=\"en_US\" \/><input type=\"hidden\" name=\"_wpcf7_unit_tag\" value=\"wpcf7-f25-o1\" \/><input type=\"hidden\" name=\"_wpcf7_container_post\" value=\"0\" \/><input type=\"hidden\" name=\"_wpcf7_posted_data_hash\" value=\"\" \/>\n<\/fieldset>\n<div class=\"wpcf7-turnstile cf-turnstile\" data-sitekey=\"0x4AAAAAACjTojuReU1VKMml\" data-response-field-name=\"_wpcf7_turnstile_response\"><\/div>\n\n<div class=\"row\">\n    <div class=\"col-md-6\">\n        <div class=\"form-group\">\n            <span class=\"wpcf7-form-control-wrap\" data-name=\"your-name\"><input size=\"40\" maxlength=\"400\" class=\"wpcf7-form-control wpcf7-text wpcf7-validates-as-required form-control\" id=\"contact-name\" aria-required=\"true\" aria-invalid=\"false\" placeholder=\"Votre nom *\" value=\"\" type=\"text\" name=\"your-name\" \/><\/span>\n        <\/div>\n    <\/div>\n    <div class=\"col-md-6\">\n        <div class=\"form-group\">\n            <span class=\"wpcf7-form-control-wrap\" data-name=\"your-email\"><input size=\"40\" maxlength=\"400\" class=\"wpcf7-form-control wpcf7-email wpcf7-validates-as-required wpcf7-text wpcf7-validates-as-email form-control\" id=\"contact-email\" aria-required=\"true\" aria-invalid=\"false\" placeholder=\"Votre adresse e-mail *\" value=\"\" type=\"email\" name=\"your-email\" \/><\/span>\n        <\/div>\n    <\/div>\n    <div class=\"col-md-12\">\n        <div class=\"form-group\">\n            <span class=\"wpcf7-form-control-wrap\" data-name=\"your-subject\"><input size=\"40\" maxlength=\"400\" class=\"wpcf7-form-control wpcf7-text wpcf7-validates-as-required form-control\" id=\"contact-subject\" aria-required=\"true\" aria-invalid=\"false\" placeholder=\"Sujet *\" value=\"\" type=\"text\" name=\"your-subject\" \/><\/span>\n        <\/div>\n    <\/div>\n    <div class=\"col-md-12\">\n        <div class=\"form-group\">\n            <span class=\"wpcf7-form-control-wrap\" data-name=\"your-message\"><textarea cols=\"40\" rows=\"3\" maxlength=\"2000\" class=\"wpcf7-form-control wpcf7-textarea wpcf7-validates-as-required form-control\" id=\"contact-message\" aria-required=\"true\" aria-invalid=\"false\" placeholder=\"Message *\" name=\"your-message\"><\/textarea><\/span>\n        <\/div>\n    <\/div>\n    <div class=\"col-md-12\">\n        <div class=\"form-group\">\n            <input class=\"wpcf7-form-control wpcf7-submit has-spinner btn btn-primary\" type=\"submit\" value=\"Envoyer le message\" \/>\n        <\/div>\n    <\/div>\n<\/div><div class=\"wpcf7-response-output\" aria-hidden=\"true\"><\/div>\n<\/form>\n<\/div>\n[\/vc_column][\/vc_row]<\/p>\n<\/div>","protected":false},"excerpt":{"rendered":"<p>[vc_row wrap_container=\u00a0\u00bbyes\u00a0\u00bb is_section=\u00a0\u00bbyes\u00a0\u00bb remove_margin_top=\u00a0\u00bbyes\u00a0\u00bb remove_border=\u00a0\u00bbyes\u00a0\u00bb][vc_column][vc_custom_heading text=\u00a0\u00bbL&rsquo;AJA\u00a0\u00bb use_theme_fonts=\u00a0\u00bbyes\u00a0\u00bb el_class=\u00a0\u00bbm-t-lg m-b-none\u00a0\u00bb][vc_separator color=\u00a0\u00bbcustom\u00a0\u00bb align=\u00a0\u00bbalign_left\u00a0\u00bb border_width=\u00a0\u00bb3&Prime; type=\u00a0\u00bbsmall\u00a0\u00bb accent_color=\u00a0\u00bb#0f71be\u00a0\u00bb][vc_column_text el_class=\u00a0\u00bbm-t-lg\u00a0\u00bb]Cr\u00e9\u00e9e en 1952, l&rsquo;Association des Juristes de l&rsquo;Assurance regroupe, pour l&rsquo;ensemble du pays, des juristes actifs [&hellip;]<\/p>\n","protected":false},"author":1,"featured_media":0,"parent":0,"menu_order":0,"comment_status":"closed","ping_status":"closed","template":"","meta":{"_price":"","_stock":"","_tribe_ticket_header":"","_tribe_default_ticket_provider":"","_tribe_ticket_capacity":"0","_ticket_start_date":"","_ticket_end_date":"","_tribe_ticket_show_description":"","_tribe_ticket_show_not_going":false,"_tribe_ticket_use_global_stock":"","_tribe_ticket_global_stock_level":"","_global_stock_mode":"","_global_stock_cap":"","_tribe_rsvp_for_event":"","_tribe_ticket_going_count":"","_tribe_ticket_not_going_count":"","_tribe_tickets_list":"[]","_tribe_ticket_has_attendee_info_fields":false,"footnotes":""},"class_list":["post-143","page","type-page","status-publish","hentry"],"yoast_head":"<!-- This site is optimized with the Yoast SEO plugin v27.5 - https:\/\/yoast.com\/product\/yoast-seo-wordpress\/ -->\n<title>Association des Juristes de l&#039;Assurance (AJA)<\/title>\n<meta name=\"description\" content=\"Cr\u00e9\u00e9e en 1952, l&#039;Association des Juristes de l&#039;Assurance regroupe des juristes actifs dans ce secteur ou des avocats sp\u00e9cialis\u00e9s en cette mati\u00e8re.\" \/>\n<meta name=\"robots\" content=\"index, follow, max-snippet:-1, max-image-preview:large, max-video-preview:-1\" \/>\n<link rel=\"canonical\" href=\"https:\/\/www.aja-vvj.be\/fr\/\" \/>\n<meta property=\"og:locale\" content=\"fr_FR\" \/>\n<meta property=\"og:type\" content=\"article\" \/>\n<meta property=\"og:title\" content=\"Association des Juristes de l&#039;Assurance (AJA)\" \/>\n<meta property=\"og:description\" content=\"Cr\u00e9\u00e9e en 1952, l&#039;Association des Juristes de l&#039;Assurance regroupe des juristes actifs dans ce secteur ou des avocats sp\u00e9cialis\u00e9s en cette mati\u00e8re.\" \/>\n<meta property=\"og:url\" content=\"https:\/\/www.aja-vvj.be\/fr\/\" \/>\n<meta property=\"og:site_name\" content=\"AJA VVJ\" \/>\n<meta property=\"article:modified_time\" content=\"2020-11-05T16:14:15+00:00\" \/>\n<meta name=\"twitter:card\" content=\"summary_large_image\" \/>\n<meta name=\"twitter:label1\" content=\"Dur\u00e9e de lecture estim\u00e9e\" \/>\n\t<meta name=\"twitter:data1\" content=\"6 minutes\" \/>\n<script type=\"application\/ld+json\" class=\"yoast-schema-graph\">{\"@context\":\"https:\\\/\\\/schema.org\",\"@graph\":[{\"@type\":\"WebPage\",\"@id\":\"https:\\\/\\\/www.aja-vvj.be\\\/fr\\\/\",\"url\":\"https:\\\/\\\/www.aja-vvj.be\\\/fr\\\/\",\"name\":\"Association des Juristes de l'Assurance (AJA)\",\"isPartOf\":{\"@id\":\"https:\\\/\\\/www.aja-vvj.be\\\/fr\\\/#website\"},\"datePublished\":\"2016-08-11T07:36:22+00:00\",\"dateModified\":\"2020-11-05T16:14:15+00:00\",\"description\":\"Cr\u00e9\u00e9e en 1952, l'Association des Juristes de l'Assurance regroupe des juristes actifs dans ce secteur ou des avocats sp\u00e9cialis\u00e9s en cette mati\u00e8re.\",\"breadcrumb\":{\"@id\":\"https:\\\/\\\/www.aja-vvj.be\\\/fr\\\/#breadcrumb\"},\"inLanguage\":\"fr-FR\",\"potentialAction\":[{\"@type\":\"ReadAction\",\"target\":[\"https:\\\/\\\/www.aja-vvj.be\\\/fr\\\/\"]}]},{\"@type\":\"BreadcrumbList\",\"@id\":\"https:\\\/\\\/www.aja-vvj.be\\\/fr\\\/#breadcrumb\",\"itemListElement\":[{\"@type\":\"ListItem\",\"position\":1,\"name\":\"Home\",\"item\":\"https:\\\/\\\/www.aja-vvj.be\\\/fr\\\/home\\\/\"},{\"@type\":\"ListItem\",\"position\":2,\"name\":\"Accueil\"}]},{\"@type\":\"WebSite\",\"@id\":\"https:\\\/\\\/www.aja-vvj.be\\\/fr\\\/#website\",\"url\":\"https:\\\/\\\/www.aja-vvj.be\\\/fr\\\/\",\"name\":\"AJA VVJ\",\"description\":\"\",\"potentialAction\":[{\"@type\":\"SearchAction\",\"target\":{\"@type\":\"EntryPoint\",\"urlTemplate\":\"https:\\\/\\\/www.aja-vvj.be\\\/fr\\\/?s={search_term_string}\"},\"query-input\":{\"@type\":\"PropertyValueSpecification\",\"valueRequired\":true,\"valueName\":\"search_term_string\"}}],\"inLanguage\":\"fr-FR\"}]}<\/script>\n<!-- \/ Yoast SEO plugin. -->","yoast_head_json":{"title":"Association des Juristes de l'Assurance (AJA)","description":"Cr\u00e9\u00e9e en 1952, l'Association des Juristes de l'Assurance regroupe des juristes actifs dans ce secteur ou des avocats sp\u00e9cialis\u00e9s en cette mati\u00e8re.","robots":{"index":"index","follow":"follow","max-snippet":"max-snippet:-1","max-image-preview":"max-image-preview:large","max-video-preview":"max-video-preview:-1"},"canonical":"https:\/\/www.aja-vvj.be\/fr\/","og_locale":"fr_FR","og_type":"article","og_title":"Association des Juristes de l'Assurance (AJA)","og_description":"Cr\u00e9\u00e9e en 1952, l'Association des Juristes de l'Assurance regroupe des juristes actifs dans ce secteur ou des avocats sp\u00e9cialis\u00e9s en cette mati\u00e8re.","og_url":"https:\/\/www.aja-vvj.be\/fr\/","og_site_name":"AJA VVJ","article_modified_time":"2020-11-05T16:14:15+00:00","twitter_card":"summary_large_image","twitter_misc":{"Dur\u00e9e de lecture estim\u00e9e":"6 minutes"},"schema":{"@context":"https:\/\/schema.org","@graph":[{"@type":"WebPage","@id":"https:\/\/www.aja-vvj.be\/fr\/","url":"https:\/\/www.aja-vvj.be\/fr\/","name":"Association des Juristes de l'Assurance (AJA)","isPartOf":{"@id":"https:\/\/www.aja-vvj.be\/fr\/#website"},"datePublished":"2016-08-11T07:36:22+00:00","dateModified":"2020-11-05T16:14:15+00:00","description":"Cr\u00e9\u00e9e en 1952, l'Association des Juristes de l'Assurance regroupe des juristes actifs dans ce secteur ou des avocats sp\u00e9cialis\u00e9s en cette mati\u00e8re.","breadcrumb":{"@id":"https:\/\/www.aja-vvj.be\/fr\/#breadcrumb"},"inLanguage":"fr-FR","potentialAction":[{"@type":"ReadAction","target":["https:\/\/www.aja-vvj.be\/fr\/"]}]},{"@type":"BreadcrumbList","@id":"https:\/\/www.aja-vvj.be\/fr\/#breadcrumb","itemListElement":[{"@type":"ListItem","position":1,"name":"Home","item":"https:\/\/www.aja-vvj.be\/fr\/home\/"},{"@type":"ListItem","position":2,"name":"Accueil"}]},{"@type":"WebSite","@id":"https:\/\/www.aja-vvj.be\/fr\/#website","url":"https:\/\/www.aja-vvj.be\/fr\/","name":"AJA VVJ","description":"","potentialAction":[{"@type":"SearchAction","target":{"@type":"EntryPoint","urlTemplate":"https:\/\/www.aja-vvj.be\/fr\/?s={search_term_string}"},"query-input":{"@type":"PropertyValueSpecification","valueRequired":true,"valueName":"search_term_string"}}],"inLanguage":"fr-FR"}]}},"_links":{"self":[{"href":"https:\/\/www.aja-vvj.be\/fr\/wp-json\/wp\/v2\/pages\/143","targetHints":{"allow":["GET"]}}],"collection":[{"href":"https:\/\/www.aja-vvj.be\/fr\/wp-json\/wp\/v2\/pages"}],"about":[{"href":"https:\/\/www.aja-vvj.be\/fr\/wp-json\/wp\/v2\/types\/page"}],"author":[{"embeddable":true,"href":"https:\/\/www.aja-vvj.be\/fr\/wp-json\/wp\/v2\/users\/1"}],"replies":[{"embeddable":true,"href":"https:\/\/www.aja-vvj.be\/fr\/wp-json\/wp\/v2\/comments?post=143"}],"version-history":[{"count":29,"href":"https:\/\/www.aja-vvj.be\/fr\/wp-json\/wp\/v2\/pages\/143\/revisions"}],"predecessor-version":[{"id":1181,"href":"https:\/\/www.aja-vvj.be\/fr\/wp-json\/wp\/v2\/pages\/143\/revisions\/1181"}],"wp:attachment":[{"href":"https:\/\/www.aja-vvj.be\/fr\/wp-json\/wp\/v2\/media?parent=143"}],"curies":[{"name":"wp","href":"https:\/\/api.w.org\/{rel}","templated":true}]}}